{"id":2114,"date":"2025-11-25T10:16:16","date_gmt":"2025-11-25T10:16:16","guid":{"rendered":"https:\/\/alere.earth\/accessibilitat\/"},"modified":"2025-12-01T09:24:37","modified_gmt":"2025-12-01T09:24:37","slug":"accessibilitat","status":"publish","type":"page","link":"https:\/\/alere.earth\/ca\/accessibilitat\/","title":{"rendered":"Accessibilitat"},"content":{"rendered":"\t\t<div data-elementor-type=\"wp-post\" data-elementor-id=\"2114\" class=\"elementor elementor-2114 elementor-1867\" data-elementor-post-type=\"page\">\n\t\t\t\t<div class=\"elementor-element elementor-element-91071ed e-con-full e-flex e-con e-parent\" data-id=\"91071ed\" data-element_type=\"container\" id=\"productos\" data-settings=\"{&quot;background_background&quot;:&quot;classic&quot;}\">\n\t\t\t\t<div class=\"elementor-element elementor-element-96bd099 estiquipol elementor-invisible elementor-widget elementor-widget-image\" data-id=\"96bd099\" data-element_type=\"widget\" data-settings=\"{&quot;_animation&quot;:&quot;fadeInUp&quot;}\" data-widget_type=\"image.default\">\n\t\t\t\t\t\t\t\t\t\t\t\t\t\t\t<img fetchpriority=\"high\" decoding=\"async\" width=\"669\" height=\"669\" src=\"https:\/\/alere.earth\/wp-content\/uploads\/2025\/11\/alere_verde_oscuro.png\" class=\"attachment-large size-large wp-image-1990\" alt=\"\" srcset=\"https:\/\/alere.earth\/wp-content\/uploads\/2025\/11\/alere_verde_oscuro.png 669w, https:\/\/alere.earth\/wp-content\/uploads\/2025\/11\/alere_verde_oscuro-300x300.png 300w, https:\/\/alere.earth\/wp-content\/uploads\/2025\/11\/alere_verde_oscuro-150x150.png 150w\" sizes=\"(max-width: 669px) 100vw, 669px\" \/>\t\t\t\t\t\t\t\t\t\t\t\t\t\t\t<\/div>\n\t\t\t\t<div class=\"elementor-element elementor-element-b8e541f titulo elementor-widget elementor-widget-heading\" data-id=\"b8e541f\" data-element_type=\"widget\" data-widget_type=\"heading.default\">\n\t\t\t\t\t<h2 class=\"elementor-heading-title elementor-size-default\">Accessibilitat<\/h2>\t\t\t\t<\/div>\n\t\t<div class=\"elementor-element elementor-element-8137274 e-flex e-con-boxed e-con e-child\" data-id=\"8137274\" data-element_type=\"container\">\n\t\t\t\t\t<div class=\"e-con-inner\">\n\t\t<div class=\"elementor-element elementor-element-64a9a78 e-con-full e-flex e-con e-child\" data-id=\"64a9a78\" data-element_type=\"container\" data-settings=\"{&quot;background_background&quot;:&quot;classic&quot;}\">\n\t\t\t\t<div class=\"elementor-element elementor-element-2d47323 elementor-widget elementor-widget-text-editor\" data-id=\"2d47323\" data-element_type=\"widget\" data-widget_type=\"text-editor.default\">\n\t\t\t\t\t\t\t\t\t<p>s&#8217;ha comprom\u00e8s a fer accessible el seu lloc web, de conformitat amb el <a class=\"ext\" href=\"https:\/\/www.boe.es\/diario_boe\/txt.php?id=BOE-A-2018-12699\" target=\"_blank\" rel=\"noopener noreferrer\" data-extlink=\"\" data-insuit-uuid=\"06b55ca3-c663-49c7-a5e8-7deb8b8fc015\">Reial Decret 1112\/2018, de 7 de setembre, sobre accessibilitat dels llocs web i aplicacions per a dispositius m\u00f2bils del sector p\u00fablic.<\/a><\/p><p>La present declaraci\u00f3 d&#8217;accessibilitat s&#8217;aplica al lloc web <a href=\"http:\/\/alere.earth\">alere.earth<\/a><\/p>\t\t\t\t\t\t\t\t<\/div>\n\t\t\t\t<div class=\"elementor-element elementor-element-eb5eb69 elementor-widget elementor-widget-heading\" data-id=\"eb5eb69\" data-element_type=\"widget\" data-widget_type=\"heading.default\">\n\t\t\t\t\t<h4 class=\"elementor-heading-title elementor-size-default\">Situaci\u00f3 de compliment<\/h4>\t\t\t\t<\/div>\n\t\t\t\t<div class=\"elementor-element elementor-element-c1b07bd elementor-widget elementor-widget-text-editor\" data-id=\"c1b07bd\" data-element_type=\"widget\" data-widget_type=\"text-editor.default\">\n\t\t\t\t\t\t\t\t\t<p>Aquest lloc web \u00e9s parcialment conforme amb el <a class=\"ext\" href=\"https:\/\/www.boe.es\/diario_boe\/txt.php?id=BOE-A-2018-12699\" target=\"_blank\" rel=\"noopener noreferrer\" data-extlink=\"\" data-insuit-uuid=\"ca8ecb6f-6f37-4b01-8854-bb095d57c27a\">RD 1112\/2018<\/a> a causa de les excepcions i a la manca de conformitat dels aspectes que s&#8217;indiquen en el punt seg\u00fcent.<\/p>\t\t\t\t\t\t\t\t<\/div>\n\t\t\t\t<div class=\"elementor-element elementor-element-c41c83c elementor-widget elementor-widget-heading\" data-id=\"c41c83c\" data-element_type=\"widget\" data-widget_type=\"heading.default\">\n\t\t\t\t\t<h4 class=\"elementor-heading-title elementor-size-default\">Contingut no accessible<\/h4>\t\t\t\t<\/div>\n\t\t\t\t<div class=\"elementor-element elementor-element-0f38cfc elementor-widget elementor-widget-text-editor\" data-id=\"0f38cfc\" data-element_type=\"widget\" data-widget_type=\"text-editor.default\">\n\t\t\t\t\t\t\t\t\t<p>El contingut que es recull a continuaci\u00f3 no \u00e9s accessible per la ra\u00f3 seg\u00fcent:<\/p><div class=\"i4t-include-i4t-h2-h3\" role=\"region\" aria-labelledby=\"i4t-id-5\" data-insuit-uuid=\"fa0833d9-b9bb-4e39-a1f5-869d267dec02\"><p id=\"i4t-id-5\" class=\"i4t-h2-h3 i4t-reference-include\">Falta de conformitat amb el Reial Decret 1112\/2018:<\/p><p>Podrien existir documents ofim\u00e0tics en PDF i altres formats publicats posteriorment al 20 de setembre de 2018 que no compleixin totalment els requisits d&#8217;accessibilitat. Es poden sol\u00b7licitar els documents completament accessibles des del formulari de contacte per formalitzar queixes i consultes. <\/p><p>Podrien existir errors de codi puntuals d&#8217;edici\u00f3 en alguna p\u00e0gina web. [4.1.1 Processament] <\/p><\/div><div class=\"i4t-include-i4t-h2-h3\" role=\"region\" aria-labelledby=\"i4t-id-6\" data-insuit-uuid=\"ba62b608-735c-464d-81cb-9a032bf363f7\"><p id=\"i4t-id-6\" class=\"i4t-h2-h3 i4t-reference-include\">C\u00e0rrega desproporcionada:<\/p><p>No aplica.<\/p><\/div><div class=\"i4t-include-i4t-h2-h3\" role=\"region\" aria-labelledby=\"i4t-id-7\" data-insuit-uuid=\"889dbae3-f236-4f03-9776-77818804307f\"><p id=\"i4t-id-7\" class=\"i4t-h2-h3 i4t-reference-include\">El contingut no entra dins de l&#8217;\u00e0mbit de la legislaci\u00f3 aplicable:<\/p><p>Podr\u00edan existir archivos ofim\u00e1ticos en PDF u otros formatos publicados antes del 20 de septiembre de 2018 que no cumplan en su totalidad todos los requisitos de accesibilidad. Aunque se ha procurado que la mayor\u00eda de ellos s\u00ed lo cumplan. <\/p><\/div>\t\t\t\t\t\t\t\t<\/div>\n\t\t\t\t<div class=\"elementor-element elementor-element-8ef4795 elementor-widget elementor-widget-heading\" data-id=\"8ef4795\" data-element_type=\"widget\" data-widget_type=\"heading.default\">\n\t\t\t\t\t<h4 class=\"elementor-heading-title elementor-size-default\">Legitimaci\u00f3<\/h4>\t\t\t\t<\/div>\n\t\t\t\t<div class=\"elementor-element elementor-element-c2883de elementor-widget elementor-widget-text-editor\" data-id=\"c2883de\" data-element_type=\"widget\" data-widget_type=\"text-editor.default\">\n\t\t\t\t\t\t\t\t\t<p>La base legal per al tractament de les teves dades \u00e9s el teu consentiment, que pots retirar en qualsevol moment, sense que aix\u00f2 afecti la licitud del tractament previ. Si desitja obtenir m\u00e9s informaci\u00f3 al respecte pot sol\u00b7licitar-la a <a href=\"mailto:hola@alere.earth\">hola@alere.earth<\/a> <\/p>\t\t\t\t\t\t\t\t<\/div>\n\t\t\t\t<div class=\"elementor-element elementor-element-9927ebd elementor-widget elementor-widget-heading\" data-id=\"9927ebd\" data-element_type=\"widget\" data-widget_type=\"heading.default\">\n\t\t\t\t\t<h4 class=\"elementor-heading-title elementor-size-default\">Preparaci\u00f3 per a la seg\u00fcent declaraci\u00f3 d'accessibilitat<\/h4>\t\t\t\t<\/div>\n\t\t\t\t<div class=\"elementor-element elementor-element-eda2f0b elementor-widget elementor-widget-text-editor\" data-id=\"eda2f0b\" data-element_type=\"widget\" data-widget_type=\"text-editor.default\">\n\t\t\t\t\t\t\t\t\t<p>Aquesta declaraci\u00f3 va ser preparada el 28 de juny de 2021.&#8221;<\/p><p>El m\u00e8tode emprat per preparar la declaraci\u00f3 ha estat una autoavaluaci\u00f3 duta a terme pel propi organisme.<\/p><div class=\"mb-3 subtitle_3\">Observacions i dades de contacte<\/div><p>Podeu fer comunicacions sobre requisits d&#8217;accessibilitat (article 10.2.a del RD 1112\/2018) com, per exemple:<\/p><ul><li>Informar sobre qualsevol possible incompliment per part d&#8217;aquest lloc web<\/li><li>Transmetre altres dificultats d&#8217;acc\u00e9s al contingut<\/li><li>Formular qualsevol altra consulta o suggeriment de millora relatiu a l&#8217;accessibilitat del lloc web<\/li><\/ul><p>a trav\u00e9s del nostre apartat de contacte<\/p><p>Pot presentar:<\/p><ul><li>Queixa relativa al compliment dels requisits del RD 1112\/2018 o<\/li><li>Sol\u00b7licitud d&#8217;Informaci\u00f3 accessible relativa a:<ul><li>Continguts que estan exclosos de l&#8217;\u00e0mbit d&#8217;aplicaci\u00f3 del RD 1112\/2018 segons el que estableix l&#8217;article 3, apartat 4<\/li><li>Continguts que estan exempts del compliment dels requisits d&#8217;accessibilitat per imposar una c\u00e0rrega desproporcionada<\/li><\/ul><\/li><\/ul><p>En la Sol\u00b7licitud d&#8217;informaci\u00f3 accessible, s&#8217;han de concretar, amb tota claredat, els fets, raons i petici\u00f3 que permetin constatar que es tracta d&#8217;una sol\u00b7licitud raonable i leg\u00edtima.<\/p><p>Les queixes i reclamacions sobre informaci\u00f3 accessible es realitzaran a trav\u00e9s de la seu electr\u00f2nica (<a class=\"ext\" href=\"https:\/\/sede.red.gob.es\/procedimientos\/quejas-y-sugerencias\" target=\"_blank\" rel=\"noopener noreferrer\" data-extlink=\"\" data-insuit-uuid=\"c0c5004f-eaa8-4c2f-9545-39e4691beba2\">quejas y sugerencias gob.es<\/a>), i seran rebudes i tractades per l&#8217;\u00e0rea de Sistemes de la Informaci\u00f3 de Red.es.<\/p>\t\t\t\t\t\t\t\t<\/div>\n\t\t\t\t<div class=\"elementor-element elementor-element-6cdffc9 elementor-widget elementor-widget-heading\" data-id=\"6cdffc9\" data-element_type=\"widget\" data-widget_type=\"heading.default\">\n\t\t\t\t\t<h4 class=\"elementor-heading-title elementor-size-default\">Contingut opcional<\/h4>\t\t\t\t<\/div>\n\t\t\t\t<div class=\"elementor-element elementor-element-f179cbd elementor-widget elementor-widget-text-editor\" data-id=\"f179cbd\" data-element_type=\"widget\" data-widget_type=\"text-editor.default\">\n\t\t\t\t\t\t\t\t\t<p>Aquest portal est\u00e0 dissenyat per poder canviar la mida del text i el color, aix\u00ed com el fons de la p\u00e0gina mitjan\u00e7ant les opcions de configuraci\u00f3 est\u00e0ndard dels navegadors.<\/p><p>Si desitja canviar la mida de lletra del text en els principals navegadors gr\u00e0fics utilitzeu els seg\u00fcents men\u00fas:<\/p><ul><li>Internet Explorer, Mozilla y Firefox: Ver \u2013 Grand\u00e0ria del text<\/li><li>Opera: Visualitza \u2013 Zoom<\/li><li>Safari: Visualitza \u2013 Fer el text m\u00e9s gran<\/li><li>Chrome: Controla la p\u00e0gina actual \u2013 Mida del text<\/li><\/ul>\t\t\t\t\t\t\t\t<\/div>\n\t\t\t\t<div class=\"elementor-element elementor-element-3eaa05d elementor-widget elementor-widget-heading\" data-id=\"3eaa05d\" data-element_type=\"widget\" data-widget_type=\"heading.default\">\n\t\t\t\t\t<h4 class=\"elementor-heading-title elementor-size-default\">Per modificar la mida de tot a la p\u00e0gina:<\/h4>\t\t\t\t<\/div>\n\t\t\t\t<div class=\"elementor-element elementor-element-e230ed7 elementor-widget elementor-widget-text-editor\" data-id=\"e230ed7\" data-element_type=\"widget\" data-widget_type=\"text-editor.default\">\n\t\t\t\t\t\t\t\t\t<ul><li>Ctrl + + per augmentar-ho<\/li><li>Ctrl + \u2013 per disminuir-ho<\/li><li>Ctrl + 0 restaura la mida original del text<\/li><li>Si el que voleu \u00e9s anul\u00b7lar el full d&#8217;estils o modificar el color del text, podeu consultar la p\u00e0gina How to Change Text Size or Colors de la WAI, que es pot llegir tradu\u00efda al catal\u00e0 a Com canviar la mida del text o els colors?<\/li><\/ul>\t\t\t\t\t\t\t\t<\/div>\n\t\t\t\t<\/div>\n\t\t\t\t\t<\/div>\n\t\t\t\t<\/div>\n\t\t\t\t<\/div>\n\t\t\t\t<\/div>\n\t\t","protected":false},"excerpt":{"rendered":"<p>Accessibilitat s&#8217;ha comprom\u00e8s a fer accessible el seu lloc web, de conformitat amb el Reial Decret 1112\/2018, de 7 de setembre, sobre accessibilitat dels llocs web i aplicacions per a dispositius m\u00f2bils del sector p\u00fablic. La present declaraci\u00f3 d&#8217;accessibilitat s&#8217;aplica al lloc web alere.earth Situaci\u00f3 de compliment Aquest lloc web \u00e9s parcialment conforme amb el [&hellip;]<\/p>\n","protected":false},"author":1,"featured_media":0,"parent":0,"menu_order":0,"comment_status":"closed","ping_status":"closed","template":"","meta":{"footnotes":""},"class_list":["post-2114","page","type-page","status-publish","hentry"],"yoast_head":"<!-- This site is optimized with the Yoast SEO plugin v26.8 - https:\/\/yoast.com\/product\/yoast-seo-wordpress\/ -->\n<title>Accessibilitat - Alere Circular<\/title>\n<meta name=\"robots\" content=\"index, follow, max-snippet:-1, max-image-preview:large, max-video-preview:-1\" \/>\n<link rel=\"canonical\" href=\"https:\/\/alere.earth\/accesibilidad\/\" \/>\n<meta property=\"og:locale\" content=\"ca_ES\" \/>\n<meta property=\"og:type\" content=\"article\" \/>\n<meta property=\"og:title\" content=\"Accessibilitat - Alere Circular\" \/>\n<meta property=\"og:description\" content=\"Accessibilitat s&#8217;ha comprom\u00e8s a fer accessible el seu lloc web, de conformitat amb el Reial Decret 1112\/2018, de 7 de setembre, sobre accessibilitat dels llocs web i aplicacions per a dispositius m\u00f2bils del sector p\u00fablic. La present declaraci\u00f3 d&#8217;accessibilitat s&#8217;aplica al lloc web alere.earth Situaci\u00f3 de compliment Aquest lloc web \u00e9s parcialment conforme amb el [&hellip;]\" \/>\n<meta property=\"og:url\" content=\"https:\/\/alere.earth\/accesibilidad\/\" \/>\n<meta property=\"og:site_name\" content=\"Alere Circular\" \/>\n<meta property=\"article:modified_time\" content=\"2025-12-01T09:24:37+00:00\" \/>\n<meta property=\"og:image\" content=\"https:\/\/alere.earth\/wp-content\/uploads\/2025\/11\/alere_verde_oscuro.png\" \/>\n\t<meta property=\"og:image:width\" content=\"669\" \/>\n\t<meta property=\"og:image:height\" content=\"669\" \/>\n\t<meta property=\"og:image:type\" content=\"image\/png\" \/>\n<meta name=\"twitter:card\" content=\"summary_large_image\" \/>\n<meta name=\"twitter:label1\" content=\"Temps estimat de lectura\" \/>\n\t<meta name=\"twitter:data1\" content=\"3 minuts\" \/>\n<script type=\"application\/ld+json\" class=\"yoast-schema-graph\">{\"@context\":\"https:\/\/schema.org\",\"@graph\":[{\"@type\":\"WebPage\",\"@id\":\"https:\/\/alere.earth\/accesibilidad\/\",\"url\":\"https:\/\/alere.earth\/accesibilidad\/\",\"name\":\"Accessibilitat - Alere Circular\",\"isPartOf\":{\"@id\":\"https:\/\/alere.earth\/#website\"},\"primaryImageOfPage\":{\"@id\":\"https:\/\/alere.earth\/accesibilidad\/#primaryimage\"},\"image\":{\"@id\":\"https:\/\/alere.earth\/accesibilidad\/#primaryimage\"},\"thumbnailUrl\":\"https:\/\/alere.earth\/wp-content\/uploads\/2025\/11\/alere_verde_oscuro.png\",\"datePublished\":\"2025-11-25T10:16:16+00:00\",\"dateModified\":\"2025-12-01T09:24:37+00:00\",\"breadcrumb\":{\"@id\":\"https:\/\/alere.earth\/accesibilidad\/#breadcrumb\"},\"inLanguage\":\"ca\",\"potentialAction\":[{\"@type\":\"ReadAction\",\"target\":[\"https:\/\/alere.earth\/accesibilidad\/\"]}]},{\"@type\":\"ImageObject\",\"inLanguage\":\"ca\",\"@id\":\"https:\/\/alere.earth\/accesibilidad\/#primaryimage\",\"url\":\"https:\/\/alere.earth\/wp-content\/uploads\/2025\/11\/alere_verde_oscuro.png\",\"contentUrl\":\"https:\/\/alere.earth\/wp-content\/uploads\/2025\/11\/alere_verde_oscuro.png\"},{\"@type\":\"BreadcrumbList\",\"@id\":\"https:\/\/alere.earth\/accesibilidad\/#breadcrumb\",\"itemListElement\":[{\"@type\":\"ListItem\",\"position\":1,\"name\":\"Portada\",\"item\":\"https:\/\/alere.earth\/\"},{\"@type\":\"ListItem\",\"position\":2,\"name\":\"Accessibilitat\"}]},{\"@type\":\"WebSite\",\"@id\":\"https:\/\/alere.earth\/#website\",\"url\":\"https:\/\/alere.earth\/\",\"name\":\"Alere Circular\",\"description\":\"\",\"potentialAction\":[{\"@type\":\"SearchAction\",\"target\":{\"@type\":\"EntryPoint\",\"urlTemplate\":\"https:\/\/alere.earth\/?s={search_term_string}\"},\"query-input\":{\"@type\":\"PropertyValueSpecification\",\"valueRequired\":true,\"valueName\":\"search_term_string\"}}],\"inLanguage\":\"ca\"}]}<\/script>\n<!-- \/ Yoast SEO plugin. -->","yoast_head_json":{"title":"Accessibilitat - Alere Circular","robots":{"index":"index","follow":"follow","max-snippet":"max-snippet:-1","max-image-preview":"max-image-preview:large","max-video-preview":"max-video-preview:-1"},"canonical":"https:\/\/alere.earth\/accesibilidad\/","og_locale":"ca_ES","og_type":"article","og_title":"Accessibilitat - Alere Circular","og_description":"Accessibilitat s&#8217;ha comprom\u00e8s a fer accessible el seu lloc web, de conformitat amb el Reial Decret 1112\/2018, de 7 de setembre, sobre accessibilitat dels llocs web i aplicacions per a dispositius m\u00f2bils del sector p\u00fablic. La present declaraci\u00f3 d&#8217;accessibilitat s&#8217;aplica al lloc web alere.earth Situaci\u00f3 de compliment Aquest lloc web \u00e9s parcialment conforme amb el [&hellip;]","og_url":"https:\/\/alere.earth\/accesibilidad\/","og_site_name":"Alere Circular","article_modified_time":"2025-12-01T09:24:37+00:00","og_image":[{"width":669,"height":669,"url":"https:\/\/alere.earth\/wp-content\/uploads\/2025\/11\/alere_verde_oscuro.png","type":"image\/png"}],"twitter_card":"summary_large_image","twitter_misc":{"Temps estimat de lectura":"3 minuts"},"schema":{"@context":"https:\/\/schema.org","@graph":[{"@type":"WebPage","@id":"https:\/\/alere.earth\/accesibilidad\/","url":"https:\/\/alere.earth\/accesibilidad\/","name":"Accessibilitat - Alere Circular","isPartOf":{"@id":"https:\/\/alere.earth\/#website"},"primaryImageOfPage":{"@id":"https:\/\/alere.earth\/accesibilidad\/#primaryimage"},"image":{"@id":"https:\/\/alere.earth\/accesibilidad\/#primaryimage"},"thumbnailUrl":"https:\/\/alere.earth\/wp-content\/uploads\/2025\/11\/alere_verde_oscuro.png","datePublished":"2025-11-25T10:16:16+00:00","dateModified":"2025-12-01T09:24:37+00:00","breadcrumb":{"@id":"https:\/\/alere.earth\/accesibilidad\/#breadcrumb"},"inLanguage":"ca","potentialAction":[{"@type":"ReadAction","target":["https:\/\/alere.earth\/accesibilidad\/"]}]},{"@type":"ImageObject","inLanguage":"ca","@id":"https:\/\/alere.earth\/accesibilidad\/#primaryimage","url":"https:\/\/alere.earth\/wp-content\/uploads\/2025\/11\/alere_verde_oscuro.png","contentUrl":"https:\/\/alere.earth\/wp-content\/uploads\/2025\/11\/alere_verde_oscuro.png"},{"@type":"BreadcrumbList","@id":"https:\/\/alere.earth\/accesibilidad\/#breadcrumb","itemListElement":[{"@type":"ListItem","position":1,"name":"Portada","item":"https:\/\/alere.earth\/"},{"@type":"ListItem","position":2,"name":"Accessibilitat"}]},{"@type":"WebSite","@id":"https:\/\/alere.earth\/#website","url":"https:\/\/alere.earth\/","name":"Alere Circular","description":"","potentialAction":[{"@type":"SearchAction","target":{"@type":"EntryPoint","urlTemplate":"https:\/\/alere.earth\/?s={search_term_string}"},"query-input":{"@type":"PropertyValueSpecification","valueRequired":true,"valueName":"search_term_string"}}],"inLanguage":"ca"}]}},"_links":{"self":[{"href":"https:\/\/alere.earth\/ca\/wp-json\/wp\/v2\/pages\/2114","targetHints":{"allow":["GET"]}}],"collection":[{"href":"https:\/\/alere.earth\/ca\/wp-json\/wp\/v2\/pages"}],"about":[{"href":"https:\/\/alere.earth\/ca\/wp-json\/wp\/v2\/types\/page"}],"author":[{"embeddable":true,"href":"https:\/\/alere.earth\/ca\/wp-json\/wp\/v2\/users\/1"}],"replies":[{"embeddable":true,"href":"https:\/\/alere.earth\/ca\/wp-json\/wp\/v2\/comments?post=2114"}],"version-history":[{"count":1,"href":"https:\/\/alere.earth\/ca\/wp-json\/wp\/v2\/pages\/2114\/revisions"}],"predecessor-version":[{"id":2115,"href":"https:\/\/alere.earth\/ca\/wp-json\/wp\/v2\/pages\/2114\/revisions\/2115"}],"wp:attachment":[{"href":"https:\/\/alere.earth\/ca\/wp-json\/wp\/v2\/media?parent=2114"}],"curies":[{"name":"wp","href":"https:\/\/api.w.org\/{rel}","templated":true}]}}