{"id":2109,"date":"2025-11-25T10:10:02","date_gmt":"2025-11-25T10:10:02","guid":{"rendered":"https:\/\/alere.earth\/avis-legal\/"},"modified":"2025-12-01T08:57:21","modified_gmt":"2025-12-01T08:57:21","slug":"avis-legal","status":"publish","type":"page","link":"https:\/\/alere.earth\/ca\/avis-legal\/","title":{"rendered":"Av\u00eds Legal"},"content":{"rendered":"\t\t<div data-elementor-type=\"wp-post\" data-elementor-id=\"2109\" class=\"elementor elementor-2109 elementor-1861\" data-elementor-post-type=\"page\">\n\t\t\t\t<div class=\"elementor-element elementor-element-91071ed e-con-full e-flex e-con e-parent\" data-id=\"91071ed\" data-element_type=\"container\" id=\"productos\" data-settings=\"{&quot;background_background&quot;:&quot;classic&quot;}\">\n\t\t\t\t<div class=\"elementor-element elementor-element-96bd099 estiquipol elementor-invisible elementor-widget elementor-widget-image\" data-id=\"96bd099\" data-element_type=\"widget\" data-settings=\"{&quot;_animation&quot;:&quot;fadeInUp&quot;}\" data-widget_type=\"image.default\">\n\t\t\t\t\t\t\t\t\t\t\t\t\t\t\t<img fetchpriority=\"high\" decoding=\"async\" width=\"669\" height=\"669\" src=\"https:\/\/alere.earth\/wp-content\/uploads\/2025\/11\/alere_verde_oscuro.png\" class=\"attachment-large size-large wp-image-1990\" alt=\"\" srcset=\"https:\/\/alere.earth\/wp-content\/uploads\/2025\/11\/alere_verde_oscuro.png 669w, https:\/\/alere.earth\/wp-content\/uploads\/2025\/11\/alere_verde_oscuro-300x300.png 300w, https:\/\/alere.earth\/wp-content\/uploads\/2025\/11\/alere_verde_oscuro-150x150.png 150w\" sizes=\"(max-width: 669px) 100vw, 669px\" \/>\t\t\t\t\t\t\t\t\t\t\t\t\t\t\t<\/div>\n\t\t\t\t<div class=\"elementor-element elementor-element-b8e541f titulo elementor-widget elementor-widget-heading\" data-id=\"b8e541f\" data-element_type=\"widget\" data-widget_type=\"heading.default\">\n\t\t\t\t\t<h2 class=\"elementor-heading-title elementor-size-default\">Av\u00eds Legal<\/h2>\t\t\t\t<\/div>\n\t\t<div class=\"elementor-element elementor-element-8137274 e-flex e-con-boxed e-con e-child\" data-id=\"8137274\" data-element_type=\"container\">\n\t\t\t\t\t<div class=\"e-con-inner\">\n\t\t<div class=\"elementor-element elementor-element-818a9f4 e-con-full e-flex e-con e-child\" data-id=\"818a9f4\" data-element_type=\"container\" data-settings=\"{&quot;background_background&quot;:&quot;classic&quot;}\">\n\t\t\t\t<div class=\"elementor-element elementor-element-d9df01c elementor-widget elementor-widget-heading\" data-id=\"d9df01c\" data-element_type=\"widget\" data-widget_type=\"heading.default\">\n\t\t\t\t\t<h4 class=\"elementor-heading-title elementor-size-default\">Introducci\u00f3<\/h4>\t\t\t\t<\/div>\n\t\t\t\t<div class=\"elementor-element elementor-element-75ed605 elementor-widget elementor-widget-text-editor\" data-id=\"75ed605\" data-element_type=\"widget\" data-widget_type=\"text-editor.default\">\n\t\t\t\t\t\t\t\t\t<p>En compliment de la Llei 34\/2002, d&#8217;11 de juliol, de Serveis de la Societat de la Informaci\u00f3 i de Comer\u00e7 Electr\u00f2nic (LSSI-CE), s&#8217;informa el seg\u00fcent:<\/p>\t\t\t\t\t\t\t\t<\/div>\n\t\t\t\t<div class=\"elementor-element elementor-element-43b8f7d elementor-widget elementor-widget-heading\" data-id=\"43b8f7d\" data-element_type=\"widget\" data-widget_type=\"heading.default\">\n\t\t\t\t\t<h4 class=\"elementor-heading-title elementor-size-default\">Titular de la web:<\/h4>\t\t\t\t<\/div>\n\t\t\t\t<div class=\"elementor-element elementor-element-c3ee6ca elementor-widget elementor-widget-text-editor\" data-id=\"c3ee6ca\" data-element_type=\"widget\" data-widget_type=\"text-editor.default\">\n\t\t\t\t\t\t\t\t\t<ul><li>Denominaci\u00f3 social: ALERE CIRCULAR, S.L.<\/li><li>Domicili social: C\/ Raset 29 &#8211; 08021, Barcelona<\/li><li>CIF: B72491327<\/li><li>Tel\u00e8fon de contacte: <a href=\"tel:+34%20938%20329%20888\">(+34) 938 329 888<\/a><\/li><li>E-mail de contacte: <a href=\"mailto:hola@alere.earth\">hola@alere.earth<\/a><\/li><\/ul>\t\t\t\t\t\t\t\t<\/div>\n\t\t\t\t<div class=\"elementor-element elementor-element-976afe9 elementor-widget elementor-widget-heading\" data-id=\"976afe9\" data-element_type=\"widget\" data-widget_type=\"heading.default\">\n\t\t\t\t\t<h4 class=\"elementor-heading-title elementor-size-default\">Objectiu del lloc web<\/h4>\t\t\t\t<\/div>\n\t\t\t\t<div class=\"elementor-element elementor-element-9eba0f2 elementor-widget elementor-widget-text-editor\" data-id=\"9eba0f2\" data-element_type=\"widget\" data-widget_type=\"text-editor.default\">\n\t\t\t\t\t\t\t\t\t<p>Aquest lloc web t\u00e9 com a objectiu oferir informaci\u00f3 sobre l&#8217;empresa Alere Circular S.L., donar informaci\u00f3 clara sobre els serveis i sobre el producte ALERE REGENERA\u00ae i facilitar el contacte als clients.<\/p>\t\t\t\t\t\t\t\t<\/div>\n\t\t\t\t<div class=\"elementor-element elementor-element-b1d03b7 elementor-widget elementor-widget-heading\" data-id=\"b1d03b7\" data-element_type=\"widget\" data-widget_type=\"heading.default\">\n\t\t\t\t\t<h4 class=\"elementor-heading-title elementor-size-default\">Propietat intel\u00b7lectual i industrial<\/h4>\t\t\t\t<\/div>\n\t\t\t\t<div class=\"elementor-element elementor-element-9c57c16 elementor-widget elementor-widget-text-editor\" data-id=\"9c57c16\" data-element_type=\"widget\" data-widget_type=\"text-editor.default\">\n\t\t\t\t\t\t\t\t\t<p>La base legal per al tractament de les teves dades \u00e9s el teu consentiment, que pots retirar en qualsevol moment, sense que aix\u00f2 afecti la licitud del tractament previ. Si desitja obtenir m\u00e9s informaci\u00f3 al respecte pot sol\u00b7licitar-la a <a href=\"mailto:hola@alere.earth\">hola@alere.earth<\/a> <\/p>\t\t\t\t\t\t\t\t<\/div>\n\t\t\t\t<div class=\"elementor-element elementor-element-44ff84d elementor-widget elementor-widget-heading\" data-id=\"44ff84d\" data-element_type=\"widget\" data-widget_type=\"heading.default\">\n\t\t\t\t\t<h4 class=\"elementor-heading-title elementor-size-default\">Conservaci\u00f3 de les dades<\/h4>\t\t\t\t<\/div>\n\t\t\t\t<div class=\"elementor-element elementor-element-1ee36f8 elementor-widget elementor-widget-text-editor\" data-id=\"1ee36f8\" data-element_type=\"widget\" data-widget_type=\"text-editor.default\">\n\t\t\t\t\t\t\t\t\t<p>Tots els continguts d&#8217;aquest lloc web (textos, imatges, logotips, disseny, estructura, etc.) estan protegits per la normativa de propietat intel\u00b7lectual. Est\u00e0 prohibida la seva reproducci\u00f3 total o parcial sense autoritzaci\u00f3 expressa. <\/p>\t\t\t\t\t\t\t\t<\/div>\n\t\t\t\t<div class=\"elementor-element elementor-element-5011101 elementor-widget elementor-widget-heading\" data-id=\"5011101\" data-element_type=\"widget\" data-widget_type=\"heading.default\">\n\t\t\t\t\t<h4 class=\"elementor-heading-title elementor-size-default\">Responsabilitat:<\/h4>\t\t\t\t<\/div>\n\t\t\t\t<div class=\"elementor-element elementor-element-9e8ad7a elementor-widget elementor-widget-text-editor\" data-id=\"9e8ad7a\" data-element_type=\"widget\" data-widget_type=\"text-editor.default\">\n\t\t\t\t\t\t\t\t\t<p>Continguts<\/p><p>El Titular del web no es fa responsable dels errors o omissions de la informaci\u00f3 o continguts facilitats a trav\u00e9s del Portal ni de l&#8217;aplicaci\u00f3 o \u00fas concret que se&#8217;n pugui fer. L&#8217;acc\u00e9s al Portal no implica l&#8217;obligaci\u00f3 del titular ni del seu personal de comprovar la veracitat, exactitud, idone\u00eftat, adequaci\u00f3, exhaustivitat i actualitat de la informaci\u00f3 i continguts.<br>Els continguts del web no suposen de cap manera la prestaci\u00f3 de cap servei legal. L&#8217;Usuari \u00e9s l&#8217;\u00fanic responsable davant qualsevol reclamaci\u00f3 o acci\u00f3 legal, judicial o extrajudicial, iniciada per tercers contra el Titular que tingui el seu origen en la utilitzaci\u00f3 del web per l&#8217;Usuari.<br>Si s&#8217;escau, l&#8217;Usuari assumir\u00e0 les despeses, costos i indemnitzacions originats amb motiu de tals reclamacions o accions legals.  <\/p><p>Funcionament<\/p><p>El Titular no es fa responsable per les interfer\u00e8ncies, omissions, interrupcions, virus inform\u00e0tics o altres elements que puguin produir alteracions en els sistemes de l&#8217;Usuari o en els seus documents o arxius motivats per causes alienes al web. De la mateixa manera, el Titular no assumeix la responsabilitat derivada de retards o bloquejos en el funcionament operatiu del web causat per defici\u00e8ncies o sobrec\u00e0rrega a les l\u00ednies telef\u00f2niques o a Internet, aix\u00ed com de danys causats per terceres persones mitjan\u00e7ant intromissions il\u00b7leg\u00edtimes. El Titular es reserva el dret de suspendre l&#8217;acc\u00e9s al Portal amb motiu d&#8217;operacions de manteniment, reparaci\u00f3 i\/o millora.  <\/p><p>Enlla\u00e7os<\/p><p>El Titular no es fa responsable dels continguts i serveis d&#8217;aquelles p\u00e0gines web que puguin estar enlla\u00e7ades al Portal m\u00e9s enll\u00e0 de la responsabilitat assignada per la Llei 34\/2002, de 12 de juliol, de Serveis de la Societat de la Informaci\u00f3 i el Comer\u00e7 Electr\u00f2nic, en la mesura en qu\u00e8 pogu\u00e9s tenir coneixement efectiu de la il\u00b7licitud dels continguts i serveis subministrats al portal web enlla\u00e7at i no desactivi l&#8217;enlla\u00e7 amb la dilig\u00e8ncia deguda. Si desitja posar en el nostre coneixement l&#8217;exist\u00e8ncia d&#8217;un enlla\u00e7 cap a un lloc web amb continguts que considera inadequats o il\u00b7l\u00edcits pot posar-se en contacte amb nosaltres a <a href=\"mailto:hola@alere.earth\">hola@alere.earth<\/a>. <\/p>\t\t\t\t\t\t\t\t<\/div>\n\t\t\t\t<div class=\"elementor-element elementor-element-83ac949 elementor-widget elementor-widget-heading\" data-id=\"83ac949\" data-element_type=\"widget\" data-widget_type=\"heading.default\">\n\t\t\t\t\t<h4 class=\"elementor-heading-title elementor-size-default\">Legislaci\u00f3 aplicable i jurisdicci\u00f3:<\/h4>\t\t\t\t<\/div>\n\t\t\t\t<div class=\"elementor-element elementor-element-32aa065 elementor-widget elementor-widget-text-editor\" data-id=\"32aa065\" data-element_type=\"widget\" data-widget_type=\"text-editor.default\">\n\t\t\t\t\t\t\t\t\t<p>Aquest av\u00eds legal es regeix per la legislaci\u00f3 espanyola. Per a la resoluci\u00f3 de qualsevol conflicte derivat de l&#8217;acc\u00e9s al lloc web, l&#8217;usuari se sotmet als tribunals de [Localitat del titular], renunciant a qualsevol altre fur que pogu\u00e9s correspondre-li. <\/p>\t\t\t\t\t\t\t\t<\/div>\n\t\t\t\t<div class=\"elementor-element elementor-element-9a9030d elementor-widget elementor-widget-heading\" data-id=\"9a9030d\" data-element_type=\"widget\" data-widget_type=\"heading.default\">\n\t\t\t\t\t<h4 class=\"elementor-heading-title elementor-size-default\">Protecci\u00f3 de dades<\/h4>\t\t\t\t<\/div>\n\t\t\t\t<div class=\"elementor-element elementor-element-61d62af elementor-widget elementor-widget-text-editor\" data-id=\"61d62af\" data-element_type=\"widget\" data-widget_type=\"text-editor.default\">\n\t\t\t\t\t\t\t\t\t<p>Podeu accedir a la informaci\u00f3 detallada respecte al tractament de les dades personals que el Titular duu a terme dels Usuaris visitant la nostra Pol\u00edtica de Privacitat.<\/p>\t\t\t\t\t\t\t\t<\/div>\n\t\t\t\t<\/div>\n\t\t\t\t\t<\/div>\n\t\t\t\t<\/div>\n\t\t\t\t<\/div>\n\t\t\t\t<\/div>\n\t\t","protected":false},"excerpt":{"rendered":"<p>Av\u00eds Legal Introducci\u00f3 En compliment de la Llei 34\/2002, d&#8217;11 de juliol, de Serveis de la Societat de la Informaci\u00f3 i de Comer\u00e7 Electr\u00f2nic (LSSI-CE), s&#8217;informa el seg\u00fcent: Titular de la web: Denominaci\u00f3 social: ALERE CIRCULAR, S.L. Domicili social: C\/ Raset 29 &#8211; 08021, Barcelona CIF: B72491327 Tel\u00e8fon de contacte: (+34) 938 329 888 E-mail [&hellip;]<\/p>\n","protected":false},"author":1,"featured_media":0,"parent":0,"menu_order":0,"comment_status":"closed","ping_status":"closed","template":"","meta":{"footnotes":""},"class_list":["post-2109","page","type-page","status-publish","hentry"],"yoast_head":"<!-- This site is optimized with the Yoast SEO plugin v26.8 - https:\/\/yoast.com\/product\/yoast-seo-wordpress\/ -->\n<title>Av\u00eds Legal - Alere Circular<\/title>\n<meta name=\"robots\" content=\"index, follow, max-snippet:-1, max-image-preview:large, max-video-preview:-1\" \/>\n<link rel=\"canonical\" href=\"https:\/\/alere.earth\/aviso-legal\/\" \/>\n<meta property=\"og:locale\" content=\"ca_ES\" \/>\n<meta property=\"og:type\" content=\"article\" \/>\n<meta property=\"og:title\" content=\"Av\u00eds Legal - Alere Circular\" \/>\n<meta property=\"og:description\" content=\"Av\u00eds Legal Introducci\u00f3 En compliment de la Llei 34\/2002, d&#8217;11 de juliol, de Serveis de la Societat de la Informaci\u00f3 i de Comer\u00e7 Electr\u00f2nic (LSSI-CE), s&#8217;informa el seg\u00fcent: Titular de la web: Denominaci\u00f3 social: ALERE CIRCULAR, S.L. Domicili social: C\/ Raset 29 &#8211; 08021, Barcelona CIF: B72491327 Tel\u00e8fon de contacte: (+34) 938 329 888 E-mail [&hellip;]\" \/>\n<meta property=\"og:url\" content=\"https:\/\/alere.earth\/aviso-legal\/\" \/>\n<meta property=\"og:site_name\" content=\"Alere Circular\" \/>\n<meta property=\"article:modified_time\" content=\"2025-12-01T08:57:21+00:00\" \/>\n<meta property=\"og:image\" content=\"https:\/\/alere.earth\/wp-content\/uploads\/2025\/11\/alere_verde_oscuro.png\" \/>\n\t<meta property=\"og:image:width\" content=\"669\" \/>\n\t<meta property=\"og:image:height\" content=\"669\" \/>\n\t<meta property=\"og:image:type\" content=\"image\/png\" \/>\n<meta name=\"twitter:card\" content=\"summary_large_image\" \/>\n<meta name=\"twitter:label1\" content=\"Temps estimat de lectura\" \/>\n\t<meta name=\"twitter:data1\" content=\"3 minuts\" \/>\n<script type=\"application\/ld+json\" class=\"yoast-schema-graph\">{\"@context\":\"https:\/\/schema.org\",\"@graph\":[{\"@type\":\"WebPage\",\"@id\":\"https:\/\/alere.earth\/aviso-legal\/\",\"url\":\"https:\/\/alere.earth\/aviso-legal\/\",\"name\":\"Av\u00eds Legal - Alere Circular\",\"isPartOf\":{\"@id\":\"https:\/\/alere.earth\/#website\"},\"primaryImageOfPage\":{\"@id\":\"https:\/\/alere.earth\/aviso-legal\/#primaryimage\"},\"image\":{\"@id\":\"https:\/\/alere.earth\/aviso-legal\/#primaryimage\"},\"thumbnailUrl\":\"https:\/\/alere.earth\/wp-content\/uploads\/2025\/11\/alere_verde_oscuro.png\",\"datePublished\":\"2025-11-25T10:10:02+00:00\",\"dateModified\":\"2025-12-01T08:57:21+00:00\",\"breadcrumb\":{\"@id\":\"https:\/\/alere.earth\/aviso-legal\/#breadcrumb\"},\"inLanguage\":\"ca\",\"potentialAction\":[{\"@type\":\"ReadAction\",\"target\":[\"https:\/\/alere.earth\/aviso-legal\/\"]}]},{\"@type\":\"ImageObject\",\"inLanguage\":\"ca\",\"@id\":\"https:\/\/alere.earth\/aviso-legal\/#primaryimage\",\"url\":\"https:\/\/alere.earth\/wp-content\/uploads\/2025\/11\/alere_verde_oscuro.png\",\"contentUrl\":\"https:\/\/alere.earth\/wp-content\/uploads\/2025\/11\/alere_verde_oscuro.png\"},{\"@type\":\"BreadcrumbList\",\"@id\":\"https:\/\/alere.earth\/aviso-legal\/#breadcrumb\",\"itemListElement\":[{\"@type\":\"ListItem\",\"position\":1,\"name\":\"Portada\",\"item\":\"https:\/\/alere.earth\/\"},{\"@type\":\"ListItem\",\"position\":2,\"name\":\"Av\u00eds Legal\"}]},{\"@type\":\"WebSite\",\"@id\":\"https:\/\/alere.earth\/#website\",\"url\":\"https:\/\/alere.earth\/\",\"name\":\"Alere Circular\",\"description\":\"\",\"potentialAction\":[{\"@type\":\"SearchAction\",\"target\":{\"@type\":\"EntryPoint\",\"urlTemplate\":\"https:\/\/alere.earth\/?s={search_term_string}\"},\"query-input\":{\"@type\":\"PropertyValueSpecification\",\"valueRequired\":true,\"valueName\":\"search_term_string\"}}],\"inLanguage\":\"ca\"}]}<\/script>\n<!-- \/ Yoast SEO plugin. -->","yoast_head_json":{"title":"Av\u00eds Legal - Alere Circular","robots":{"index":"index","follow":"follow","max-snippet":"max-snippet:-1","max-image-preview":"max-image-preview:large","max-video-preview":"max-video-preview:-1"},"canonical":"https:\/\/alere.earth\/aviso-legal\/","og_locale":"ca_ES","og_type":"article","og_title":"Av\u00eds Legal - Alere Circular","og_description":"Av\u00eds Legal Introducci\u00f3 En compliment de la Llei 34\/2002, d&#8217;11 de juliol, de Serveis de la Societat de la Informaci\u00f3 i de Comer\u00e7 Electr\u00f2nic (LSSI-CE), s&#8217;informa el seg\u00fcent: Titular de la web: Denominaci\u00f3 social: ALERE CIRCULAR, S.L. Domicili social: C\/ Raset 29 &#8211; 08021, Barcelona CIF: B72491327 Tel\u00e8fon de contacte: (+34) 938 329 888 E-mail [&hellip;]","og_url":"https:\/\/alere.earth\/aviso-legal\/","og_site_name":"Alere Circular","article_modified_time":"2025-12-01T08:57:21+00:00","og_image":[{"width":669,"height":669,"url":"https:\/\/alere.earth\/wp-content\/uploads\/2025\/11\/alere_verde_oscuro.png","type":"image\/png"}],"twitter_card":"summary_large_image","twitter_misc":{"Temps estimat de lectura":"3 minuts"},"schema":{"@context":"https:\/\/schema.org","@graph":[{"@type":"WebPage","@id":"https:\/\/alere.earth\/aviso-legal\/","url":"https:\/\/alere.earth\/aviso-legal\/","name":"Av\u00eds Legal - Alere Circular","isPartOf":{"@id":"https:\/\/alere.earth\/#website"},"primaryImageOfPage":{"@id":"https:\/\/alere.earth\/aviso-legal\/#primaryimage"},"image":{"@id":"https:\/\/alere.earth\/aviso-legal\/#primaryimage"},"thumbnailUrl":"https:\/\/alere.earth\/wp-content\/uploads\/2025\/11\/alere_verde_oscuro.png","datePublished":"2025-11-25T10:10:02+00:00","dateModified":"2025-12-01T08:57:21+00:00","breadcrumb":{"@id":"https:\/\/alere.earth\/aviso-legal\/#breadcrumb"},"inLanguage":"ca","potentialAction":[{"@type":"ReadAction","target":["https:\/\/alere.earth\/aviso-legal\/"]}]},{"@type":"ImageObject","inLanguage":"ca","@id":"https:\/\/alere.earth\/aviso-legal\/#primaryimage","url":"https:\/\/alere.earth\/wp-content\/uploads\/2025\/11\/alere_verde_oscuro.png","contentUrl":"https:\/\/alere.earth\/wp-content\/uploads\/2025\/11\/alere_verde_oscuro.png"},{"@type":"BreadcrumbList","@id":"https:\/\/alere.earth\/aviso-legal\/#breadcrumb","itemListElement":[{"@type":"ListItem","position":1,"name":"Portada","item":"https:\/\/alere.earth\/"},{"@type":"ListItem","position":2,"name":"Av\u00eds Legal"}]},{"@type":"WebSite","@id":"https:\/\/alere.earth\/#website","url":"https:\/\/alere.earth\/","name":"Alere Circular","description":"","potentialAction":[{"@type":"SearchAction","target":{"@type":"EntryPoint","urlTemplate":"https:\/\/alere.earth\/?s={search_term_string}"},"query-input":{"@type":"PropertyValueSpecification","valueRequired":true,"valueName":"search_term_string"}}],"inLanguage":"ca"}]}},"_links":{"self":[{"href":"https:\/\/alere.earth\/ca\/wp-json\/wp\/v2\/pages\/2109","targetHints":{"allow":["GET"]}}],"collection":[{"href":"https:\/\/alere.earth\/ca\/wp-json\/wp\/v2\/pages"}],"about":[{"href":"https:\/\/alere.earth\/ca\/wp-json\/wp\/v2\/types\/page"}],"author":[{"embeddable":true,"href":"https:\/\/alere.earth\/ca\/wp-json\/wp\/v2\/users\/1"}],"replies":[{"embeddable":true,"href":"https:\/\/alere.earth\/ca\/wp-json\/wp\/v2\/comments?post=2109"}],"version-history":[{"count":1,"href":"https:\/\/alere.earth\/ca\/wp-json\/wp\/v2\/pages\/2109\/revisions"}],"predecessor-version":[{"id":2110,"href":"https:\/\/alere.earth\/ca\/wp-json\/wp\/v2\/pages\/2109\/revisions\/2110"}],"wp:attachment":[{"href":"https:\/\/alere.earth\/ca\/wp-json\/wp\/v2\/media?parent=2109"}],"curies":[{"name":"wp","href":"https:\/\/api.w.org\/{rel}","templated":true}]}}