{"id":2105,"date":"2025-11-25T10:08:00","date_gmt":"2025-11-25T10:08:00","guid":{"rendered":"https:\/\/alere.earth\/politica-de-cookies\/"},"modified":"2025-12-01T08:48:37","modified_gmt":"2025-12-01T08:48:37","slug":"politica-de-cookies","status":"publish","type":"page","link":"https:\/\/alere.earth\/ca\/politica-de-cookies\/","title":{"rendered":"Pol\u00edtica de Cookies"},"content":{"rendered":"\t\t<div data-elementor-type=\"wp-post\" data-elementor-id=\"2105\" class=\"elementor elementor-2105 elementor-1853\" data-elementor-post-type=\"page\">\n\t\t\t\t<div class=\"elementor-element elementor-element-91071ed e-con-full e-flex e-con e-parent\" data-id=\"91071ed\" data-element_type=\"container\" id=\"productos\" data-settings=\"{&quot;background_background&quot;:&quot;classic&quot;}\">\n\t\t\t\t<div class=\"elementor-element elementor-element-96bd099 estiquipol elementor-invisible elementor-widget elementor-widget-image\" data-id=\"96bd099\" data-element_type=\"widget\" data-settings=\"{&quot;_animation&quot;:&quot;fadeInUp&quot;}\" data-widget_type=\"image.default\">\n\t\t\t\t\t\t\t\t\t\t\t\t\t\t\t<img fetchpriority=\"high\" decoding=\"async\" width=\"669\" height=\"669\" src=\"https:\/\/alere.earth\/wp-content\/uploads\/2025\/11\/alere_verde_oscuro.png\" class=\"attachment-large size-large wp-image-1990\" alt=\"\" srcset=\"https:\/\/alere.earth\/wp-content\/uploads\/2025\/11\/alere_verde_oscuro.png 669w, https:\/\/alere.earth\/wp-content\/uploads\/2025\/11\/alere_verde_oscuro-300x300.png 300w, https:\/\/alere.earth\/wp-content\/uploads\/2025\/11\/alere_verde_oscuro-150x150.png 150w\" sizes=\"(max-width: 669px) 100vw, 669px\" \/>\t\t\t\t\t\t\t\t\t\t\t\t\t\t\t<\/div>\n\t\t\t\t<div class=\"elementor-element elementor-element-b8e541f titulo elementor-widget elementor-widget-heading\" data-id=\"b8e541f\" data-element_type=\"widget\" data-widget_type=\"heading.default\">\n\t\t\t\t\t<h2 class=\"elementor-heading-title elementor-size-default\">Pol\u00edtica de Cookies<\/h2>\t\t\t\t<\/div>\n\t\t<div class=\"elementor-element elementor-element-8137274 e-flex e-con-boxed e-con e-child\" data-id=\"8137274\" data-element_type=\"container\">\n\t\t\t\t\t<div class=\"e-con-inner\">\n\t\t<div class=\"elementor-element elementor-element-818a9f4 e-con-full e-flex e-con e-child\" data-id=\"818a9f4\" data-element_type=\"container\" data-settings=\"{&quot;background_background&quot;:&quot;classic&quot;}\">\n\t\t\t\t<div class=\"elementor-element elementor-element-d9df01c elementor-widget elementor-widget-heading\" data-id=\"d9df01c\" data-element_type=\"widget\" data-widget_type=\"heading.default\">\n\t\t\t\t\t<h4 class=\"elementor-heading-title elementor-size-default\">Introducci\u00f3<\/h4>\t\t\t\t<\/div>\n\t\t\t\t<div class=\"elementor-element elementor-element-75ed605 elementor-widget elementor-widget-text-editor\" data-id=\"75ed605\" data-element_type=\"widget\" data-widget_type=\"text-editor.default\">\n\t\t\t\t\t\t\t\t\t<p>Aquest lloc web utilitza galetes pr\u00f2pies i de tercers per a finalitats t\u00e8cniques, estad\u00edstiques i publicit\u00e0ries, conforme a la normativa vigent.<\/p>\t\t\t\t\t\t\t\t<\/div>\n\t\t\t\t<div class=\"elementor-element elementor-element-43b8f7d elementor-widget elementor-widget-heading\" data-id=\"43b8f7d\" data-element_type=\"widget\" data-widget_type=\"heading.default\">\n\t\t\t\t\t<h4 class=\"elementor-heading-title elementor-size-default\">Qu\u00e8 s\u00f3n les cookies?<\/h4>\t\t\t\t<\/div>\n\t\t\t\t<div class=\"elementor-element elementor-element-99de6f5 elementor-widget elementor-widget-text-editor\" data-id=\"99de6f5\" data-element_type=\"widget\" data-widget_type=\"text-editor.default\">\n\t\t\t\t\t\t\t\t\t<p>Les cookies s\u00f3n petits arxius de text que es guarden al vostre dispositiu quan visiteu un lloc web. Serveixen per recordar les vostres prefer\u00e8ncies i millorar la vostra experi\u00e8ncia de navegaci\u00f3. <\/p>\t\t\t\t\t\t\t\t<\/div>\n\t\t\t\t<div class=\"elementor-element elementor-element-976afe9 elementor-widget elementor-widget-heading\" data-id=\"976afe9\" data-element_type=\"widget\" data-widget_type=\"heading.default\">\n\t\t\t\t\t<h4 class=\"elementor-heading-title elementor-size-default\">Tipus de cookies segons la seva finalitat<\/h4>\t\t\t\t<\/div>\n\t\t\t\t<div class=\"elementor-element elementor-element-9eba0f2 elementor-widget elementor-widget-text-editor\" data-id=\"9eba0f2\" data-element_type=\"widget\" data-widget_type=\"text-editor.default\">\n\t\t\t\t\t\t\t\t\t<ul><li data-start=\"1961\" data-end=\"2038\"><p data-start=\"1963\" data-end=\"2038\">Cookies t\u00e8cniques: indispensables per al funcionament del lloc web.<\/p><\/li><li data-start=\"2039\" data-end=\"2137\"><p data-start=\"2041\" data-end=\"2137\">Cookies de personalitzaci\u00f3: s\u00f3n aquelles que fan possible recordar informaci\u00f3 perqu\u00e8 l&#8217;usuari pugui accedir al servei amb certes caracter\u00edstiques que diferencien la seva experi\u00e8ncia de la d&#8217;altres usuaris, com ara l&#8217;idioma, la quantitat de resultats a mostrar en una cerca, etc.<\/p><\/li><li data-start=\"2039\" data-end=\"2137\"><p data-start=\"2041\" data-end=\"2137\">Cookies d&#8217;An\u00e0lisi: Recullen informaci\u00f3 sobre com s&#8217;utilitza el lloc web per part dels visitants.<\/p><\/li><li data-start=\"2039\" data-end=\"2137\">Cookies Publicit\u00e0ries: Obtenen informaci\u00f3 sobre les prefer\u00e8ncies i decisions personals dels usuaris, a partir d&#8217;altres p\u00e0gines visitades anteriorment i per analitzar l&#8217;efectivitat de les campanyes.<\/li><\/ul>\t\t\t\t\t\t\t\t<\/div>\n\t\t\t\t<div class=\"elementor-element elementor-element-b1d03b7 elementor-widget elementor-widget-heading\" data-id=\"b1d03b7\" data-element_type=\"widget\" data-widget_type=\"heading.default\">\n\t\t\t\t\t<h4 class=\"elementor-heading-title elementor-size-default\">Tipus de cookies segons la propietat<\/h4>\t\t\t\t<\/div>\n\t\t\t\t<div class=\"elementor-element elementor-element-9c57c16 elementor-widget elementor-widget-text-editor\" data-id=\"9c57c16\" data-element_type=\"widget\" data-widget_type=\"text-editor.default\">\n\t\t\t\t\t\t\t\t\t<ul><li>Pr\u00f2pies: s\u00f3n aquelles de les quals \u00e9s responsable el propi editor i que, generalment, s&#8217;envien a l&#8217;equip terminal de l&#8217;usuari des d&#8217;un equip o domini gestionat pel propi editor i des del qual es presta el servei sol\u00b7licitat per l&#8217;usuari.<br><br><\/li><li>De Tercers: s\u00f3n aquelles de les quals \u00e9s responsable una entitat diferent de l&#8217;editor i que, generalment, s&#8217;envien a l&#8217;equip terminal de l&#8217;usuari des d&#8217;un equip o domini que no \u00e9s gestionat per l&#8217;editor, sin\u00f3 per una altra entitat que tracta les dades obtingudes a trav\u00e9s de les cookies.<\/li><\/ul>\t\t\t\t\t\t\t\t<\/div>\n\t\t\t\t<div class=\"elementor-element elementor-element-44ff84d elementor-widget elementor-widget-heading\" data-id=\"44ff84d\" data-element_type=\"widget\" data-widget_type=\"heading.default\">\n\t\t\t\t\t<h4 class=\"elementor-heading-title elementor-size-default\">Cookies utilitzades al web:<\/h4>\t\t\t\t<\/div>\n\t\t\t\t<div class=\"elementor-element elementor-element-1ee36f8 elementor-widget elementor-widget-text-editor\" data-id=\"1ee36f8\" data-element_type=\"widget\" data-widget_type=\"text-editor.default\">\n\t\t\t\t\t\t\t\t\t<p>Les cookies que es fan servir en aquest lloc web estan especificades amb descripci\u00f3, \u00fas i durada al b\u00e0ner de cookies ofert per CookieYes. Per consultar-les, heu de clicar la icona de Cookies visible a la cantonada inferior esquerra del web. <\/p>\t\t\t\t\t\t\t\t<\/div>\n\t\t\t\t<div class=\"elementor-element elementor-element-5011101 elementor-widget elementor-widget-heading\" data-id=\"5011101\" data-element_type=\"widget\" data-widget_type=\"heading.default\">\n\t\t\t\t\t<h4 class=\"elementor-heading-title elementor-size-default\">Gesti\u00f3 de cookies:<\/h4>\t\t\t\t<\/div>\n\t\t\t\t<div class=\"elementor-element elementor-element-9e8ad7a elementor-widget elementor-widget-text-editor\" data-id=\"9e8ad7a\" data-element_type=\"widget\" data-widget_type=\"text-editor.default\">\n\t\t\t\t\t\t\t\t\t<p>Podeu acceptar, rebutjar o configurar l&#8217;\u00fas de cookies mitjan\u00e7ant el b\u00e0ner de cookies que us apareix quan accediu al nostre lloc web. Tamb\u00e9 podeu ajustar la configuraci\u00f3 del vostre navegador per bloquejar-les o suprimir-les en qualsevol moment. <\/p>\t\t\t\t\t\t\t\t<\/div>\n\t\t\t\t<div class=\"elementor-element elementor-element-83ac949 elementor-widget elementor-widget-heading\" data-id=\"83ac949\" data-element_type=\"widget\" data-widget_type=\"heading.default\">\n\t\t\t\t\t<h4 class=\"elementor-heading-title elementor-size-default\">Configuraci\u00f3 de cookies als navegadors m\u00e9s habituals:<\/h4>\t\t\t\t<\/div>\n\t\t\t\t<div class=\"elementor-element elementor-element-32aa065 elementor-widget elementor-widget-text-editor\" data-id=\"32aa065\" data-element_type=\"widget\" data-widget_type=\"text-editor.default\">\n\t\t\t\t\t\t\t\t\t<ul><li data-start=\"2552\" data-end=\"2610\"><p data-start=\"2554\" data-end=\"2610\">Chrome: Configuraci\u00f3 \u2013 Privacitat i seguretat \u2013 Cookies<\/p><\/li><li data-start=\"2611\" data-end=\"2669\"><p data-start=\"2613\" data-end=\"2669\">Firefox: Prefer\u00e8ncies \u2013 Privacitat i seguretat \u2013 Cookies<\/p><\/li><li data-start=\"2670\" data-end=\"2705\"><p data-start=\"2672\" data-end=\"2705\">Safari: Prefer\u00e8ncies \u2013 Privadesa<\/p><\/li><\/ul>\t\t\t\t\t\t\t\t<\/div>\n\t\t\t\t<\/div>\n\t\t\t\t\t<\/div>\n\t\t\t\t<\/div>\n\t\t\t\t<\/div>\n\t\t\t\t<\/div>\n\t\t","protected":false},"excerpt":{"rendered":"<p>Pol\u00edtica de Cookies Introducci\u00f3 Aquest lloc web utilitza galetes pr\u00f2pies i de tercers per a finalitats t\u00e8cniques, estad\u00edstiques i publicit\u00e0ries, conforme a la normativa vigent. Qu\u00e8 s\u00f3n les cookies? Les cookies s\u00f3n petits arxius de text que es guarden al vostre dispositiu quan visiteu un lloc web. Serveixen per recordar les vostres prefer\u00e8ncies i millorar [&hellip;]<\/p>\n","protected":false},"author":1,"featured_media":0,"parent":0,"menu_order":0,"comment_status":"closed","ping_status":"closed","template":"","meta":{"footnotes":""},"class_list":["post-2105","page","type-page","status-publish","hentry"],"yoast_head":"<!-- This site is optimized with the Yoast SEO plugin v26.8 - https:\/\/yoast.com\/product\/yoast-seo-wordpress\/ -->\n<title>Pol\u00edtica de Cookies - Alere Circular<\/title>\n<meta name=\"robots\" content=\"index, follow, max-snippet:-1, max-image-preview:large, max-video-preview:-1\" \/>\n<link rel=\"canonical\" href=\"https:\/\/alere.earth\/cookies\/\" \/>\n<meta property=\"og:locale\" content=\"ca_ES\" \/>\n<meta property=\"og:type\" content=\"article\" \/>\n<meta property=\"og:title\" content=\"Pol\u00edtica de Cookies - Alere Circular\" \/>\n<meta property=\"og:description\" content=\"Pol\u00edtica de Cookies Introducci\u00f3 Aquest lloc web utilitza galetes pr\u00f2pies i de tercers per a finalitats t\u00e8cniques, estad\u00edstiques i publicit\u00e0ries, conforme a la normativa vigent. Qu\u00e8 s\u00f3n les cookies? Les cookies s\u00f3n petits arxius de text que es guarden al vostre dispositiu quan visiteu un lloc web. Serveixen per recordar les vostres prefer\u00e8ncies i millorar [&hellip;]\" \/>\n<meta property=\"og:url\" content=\"https:\/\/alere.earth\/cookies\/\" \/>\n<meta property=\"og:site_name\" content=\"Alere Circular\" \/>\n<meta property=\"article:modified_time\" content=\"2025-12-01T08:48:37+00:00\" \/>\n<meta property=\"og:image\" content=\"https:\/\/alere.earth\/wp-content\/uploads\/2025\/11\/alere_verde_oscuro.png\" \/>\n\t<meta property=\"og:image:width\" content=\"669\" \/>\n\t<meta property=\"og:image:height\" content=\"669\" \/>\n\t<meta property=\"og:image:type\" content=\"image\/png\" \/>\n<meta name=\"twitter:card\" content=\"summary_large_image\" \/>\n<meta name=\"twitter:label1\" content=\"Temps estimat de lectura\" \/>\n\t<meta name=\"twitter:data1\" content=\"2 minuts\" \/>\n<script type=\"application\/ld+json\" class=\"yoast-schema-graph\">{\"@context\":\"https:\/\/schema.org\",\"@graph\":[{\"@type\":\"WebPage\",\"@id\":\"https:\/\/alere.earth\/cookies\/\",\"url\":\"https:\/\/alere.earth\/cookies\/\",\"name\":\"Pol\u00edtica de Cookies - Alere Circular\",\"isPartOf\":{\"@id\":\"https:\/\/alere.earth\/#website\"},\"primaryImageOfPage\":{\"@id\":\"https:\/\/alere.earth\/cookies\/#primaryimage\"},\"image\":{\"@id\":\"https:\/\/alere.earth\/cookies\/#primaryimage\"},\"thumbnailUrl\":\"https:\/\/alere.earth\/wp-content\/uploads\/2025\/11\/alere_verde_oscuro.png\",\"datePublished\":\"2025-11-25T10:08:00+00:00\",\"dateModified\":\"2025-12-01T08:48:37+00:00\",\"breadcrumb\":{\"@id\":\"https:\/\/alere.earth\/cookies\/#breadcrumb\"},\"inLanguage\":\"ca\",\"potentialAction\":[{\"@type\":\"ReadAction\",\"target\":[\"https:\/\/alere.earth\/cookies\/\"]}]},{\"@type\":\"ImageObject\",\"inLanguage\":\"ca\",\"@id\":\"https:\/\/alere.earth\/cookies\/#primaryimage\",\"url\":\"https:\/\/alere.earth\/wp-content\/uploads\/2025\/11\/alere_verde_oscuro.png\",\"contentUrl\":\"https:\/\/alere.earth\/wp-content\/uploads\/2025\/11\/alere_verde_oscuro.png\"},{\"@type\":\"BreadcrumbList\",\"@id\":\"https:\/\/alere.earth\/cookies\/#breadcrumb\",\"itemListElement\":[{\"@type\":\"ListItem\",\"position\":1,\"name\":\"Portada\",\"item\":\"https:\/\/alere.earth\/\"},{\"@type\":\"ListItem\",\"position\":2,\"name\":\"Pol\u00edtica de Cookies\"}]},{\"@type\":\"WebSite\",\"@id\":\"https:\/\/alere.earth\/#website\",\"url\":\"https:\/\/alere.earth\/\",\"name\":\"Alere Circular\",\"description\":\"\",\"potentialAction\":[{\"@type\":\"SearchAction\",\"target\":{\"@type\":\"EntryPoint\",\"urlTemplate\":\"https:\/\/alere.earth\/?s={search_term_string}\"},\"query-input\":{\"@type\":\"PropertyValueSpecification\",\"valueRequired\":true,\"valueName\":\"search_term_string\"}}],\"inLanguage\":\"ca\"}]}<\/script>\n<!-- \/ Yoast SEO plugin. -->","yoast_head_json":{"title":"Pol\u00edtica de Cookies - Alere Circular","robots":{"index":"index","follow":"follow","max-snippet":"max-snippet:-1","max-image-preview":"max-image-preview:large","max-video-preview":"max-video-preview:-1"},"canonical":"https:\/\/alere.earth\/cookies\/","og_locale":"ca_ES","og_type":"article","og_title":"Pol\u00edtica de Cookies - Alere Circular","og_description":"Pol\u00edtica de Cookies Introducci\u00f3 Aquest lloc web utilitza galetes pr\u00f2pies i de tercers per a finalitats t\u00e8cniques, estad\u00edstiques i publicit\u00e0ries, conforme a la normativa vigent. Qu\u00e8 s\u00f3n les cookies? Les cookies s\u00f3n petits arxius de text que es guarden al vostre dispositiu quan visiteu un lloc web. Serveixen per recordar les vostres prefer\u00e8ncies i millorar [&hellip;]","og_url":"https:\/\/alere.earth\/cookies\/","og_site_name":"Alere Circular","article_modified_time":"2025-12-01T08:48:37+00:00","og_image":[{"width":669,"height":669,"url":"https:\/\/alere.earth\/wp-content\/uploads\/2025\/11\/alere_verde_oscuro.png","type":"image\/png"}],"twitter_card":"summary_large_image","twitter_misc":{"Temps estimat de lectura":"2 minuts"},"schema":{"@context":"https:\/\/schema.org","@graph":[{"@type":"WebPage","@id":"https:\/\/alere.earth\/cookies\/","url":"https:\/\/alere.earth\/cookies\/","name":"Pol\u00edtica de Cookies - Alere Circular","isPartOf":{"@id":"https:\/\/alere.earth\/#website"},"primaryImageOfPage":{"@id":"https:\/\/alere.earth\/cookies\/#primaryimage"},"image":{"@id":"https:\/\/alere.earth\/cookies\/#primaryimage"},"thumbnailUrl":"https:\/\/alere.earth\/wp-content\/uploads\/2025\/11\/alere_verde_oscuro.png","datePublished":"2025-11-25T10:08:00+00:00","dateModified":"2025-12-01T08:48:37+00:00","breadcrumb":{"@id":"https:\/\/alere.earth\/cookies\/#breadcrumb"},"inLanguage":"ca","potentialAction":[{"@type":"ReadAction","target":["https:\/\/alere.earth\/cookies\/"]}]},{"@type":"ImageObject","inLanguage":"ca","@id":"https:\/\/alere.earth\/cookies\/#primaryimage","url":"https:\/\/alere.earth\/wp-content\/uploads\/2025\/11\/alere_verde_oscuro.png","contentUrl":"https:\/\/alere.earth\/wp-content\/uploads\/2025\/11\/alere_verde_oscuro.png"},{"@type":"BreadcrumbList","@id":"https:\/\/alere.earth\/cookies\/#breadcrumb","itemListElement":[{"@type":"ListItem","position":1,"name":"Portada","item":"https:\/\/alere.earth\/"},{"@type":"ListItem","position":2,"name":"Pol\u00edtica de Cookies"}]},{"@type":"WebSite","@id":"https:\/\/alere.earth\/#website","url":"https:\/\/alere.earth\/","name":"Alere Circular","description":"","potentialAction":[{"@type":"SearchAction","target":{"@type":"EntryPoint","urlTemplate":"https:\/\/alere.earth\/?s={search_term_string}"},"query-input":{"@type":"PropertyValueSpecification","valueRequired":true,"valueName":"search_term_string"}}],"inLanguage":"ca"}]}},"_links":{"self":[{"href":"https:\/\/alere.earth\/ca\/wp-json\/wp\/v2\/pages\/2105","targetHints":{"allow":["GET"]}}],"collection":[{"href":"https:\/\/alere.earth\/ca\/wp-json\/wp\/v2\/pages"}],"about":[{"href":"https:\/\/alere.earth\/ca\/wp-json\/wp\/v2\/types\/page"}],"author":[{"embeddable":true,"href":"https:\/\/alere.earth\/ca\/wp-json\/wp\/v2\/users\/1"}],"replies":[{"embeddable":true,"href":"https:\/\/alere.earth\/ca\/wp-json\/wp\/v2\/comments?post=2105"}],"version-history":[{"count":1,"href":"https:\/\/alere.earth\/ca\/wp-json\/wp\/v2\/pages\/2105\/revisions"}],"predecessor-version":[{"id":2106,"href":"https:\/\/alere.earth\/ca\/wp-json\/wp\/v2\/pages\/2105\/revisions\/2106"}],"wp:attachment":[{"href":"https:\/\/alere.earth\/ca\/wp-json\/wp\/v2\/media?parent=2105"}],"curies":[{"name":"wp","href":"https:\/\/api.w.org\/{rel}","templated":true}]}}