{"id":2101,"date":"2025-11-25T09:18:47","date_gmt":"2025-11-25T09:18:47","guid":{"rendered":"https:\/\/alere.earth\/politica-de-privacitat\/"},"modified":"2025-12-01T08:40:11","modified_gmt":"2025-12-01T08:40:11","slug":"politica-de-privacitat","status":"publish","type":"page","link":"https:\/\/alere.earth\/ca\/politica-de-privacitat\/","title":{"rendered":"Pol\u00edtica de Privacitat"},"content":{"rendered":"\t\t<div data-elementor-type=\"wp-post\" data-elementor-id=\"2101\" class=\"elementor elementor-2101 elementor-1822\" data-elementor-post-type=\"page\">\n\t\t\t\t<div class=\"elementor-element elementor-element-91071ed e-con-full e-flex e-con e-parent\" data-id=\"91071ed\" data-element_type=\"container\" id=\"productos\" data-settings=\"{&quot;background_background&quot;:&quot;classic&quot;}\">\n\t\t\t\t<div class=\"elementor-element elementor-element-96bd099 estiquipol elementor-invisible elementor-widget elementor-widget-image\" data-id=\"96bd099\" data-element_type=\"widget\" data-settings=\"{&quot;_animation&quot;:&quot;fadeInUp&quot;}\" data-widget_type=\"image.default\">\n\t\t\t\t\t\t\t\t\t\t\t\t\t\t\t<img fetchpriority=\"high\" decoding=\"async\" width=\"669\" height=\"669\" src=\"https:\/\/alere.earth\/wp-content\/uploads\/2025\/11\/alere_verde_oscuro.png\" class=\"attachment-large size-large wp-image-1990\" alt=\"\" srcset=\"https:\/\/alere.earth\/wp-content\/uploads\/2025\/11\/alere_verde_oscuro.png 669w, https:\/\/alere.earth\/wp-content\/uploads\/2025\/11\/alere_verde_oscuro-300x300.png 300w, https:\/\/alere.earth\/wp-content\/uploads\/2025\/11\/alere_verde_oscuro-150x150.png 150w\" sizes=\"(max-width: 669px) 100vw, 669px\" \/>\t\t\t\t\t\t\t\t\t\t\t\t\t\t\t<\/div>\n\t\t\t\t<div class=\"elementor-element elementor-element-b8e541f titulo elementor-widget elementor-widget-heading\" data-id=\"b8e541f\" data-element_type=\"widget\" data-widget_type=\"heading.default\">\n\t\t\t\t\t<h2 class=\"elementor-heading-title elementor-size-default\">Pol\u00edtica de Privacitat<\/h2>\t\t\t\t<\/div>\n\t\t<div class=\"elementor-element elementor-element-8137274 e-flex e-con-boxed e-con e-child\" data-id=\"8137274\" data-element_type=\"container\">\n\t\t\t\t\t<div class=\"e-con-inner\">\n\t\t<div class=\"elementor-element elementor-element-64a9a78 e-con-full e-flex e-con e-child\" data-id=\"64a9a78\" data-element_type=\"container\" data-settings=\"{&quot;background_background&quot;:&quot;classic&quot;}\">\n\t\t\t\t<div class=\"elementor-element elementor-element-121a83e elementor-widget elementor-widget-heading\" data-id=\"121a83e\" data-element_type=\"widget\" data-widget_type=\"heading.default\">\n\t\t\t\t\t<h4 class=\"elementor-heading-title elementor-size-default\">Introducci\u00f3<\/h4>\t\t\t\t<\/div>\n\t\t\t\t<div class=\"elementor-element elementor-element-2d47323 elementor-widget elementor-widget-text-editor\" data-id=\"2d47323\" data-element_type=\"widget\" data-widget_type=\"text-editor.default\">\n\t\t\t\t\t\t\t\t\t<p>En compliment del Reglament (UE) 2016\/679 del Parlament Europeu i del Consell (RGPD), i de la Llei Org\u00e0nica 3\/2018 de Protecci\u00f3 de Dades i Garantia dels Drets Digitals (LOPDGDD), t&#8217;informem sobre el tractament de les teves dades personals.<\/p>\t\t\t\t\t\t\t\t<\/div>\n\t\t\t\t<div class=\"elementor-element elementor-element-eb5eb69 elementor-widget elementor-widget-heading\" data-id=\"eb5eb69\" data-element_type=\"widget\" data-widget_type=\"heading.default\">\n\t\t\t\t\t<h4 class=\"elementor-heading-title elementor-size-default\">Responsable del tractament<\/h4>\t\t\t\t<\/div>\n\t\t\t\t<div class=\"elementor-element elementor-element-c1b07bd elementor-widget elementor-widget-text-editor\" data-id=\"c1b07bd\" data-element_type=\"widget\" data-widget_type=\"text-editor.default\">\n\t\t\t\t\t\t\t\t\t<ul><li>Denominaci\u00f3 social: ALERE CIRCULAR, S.L.<\/li><li>Domicili social: C\/ Raset 29 &#8211; 08021, Barcelona<\/li><li>CIF: B72491327<\/li><li>Tel\u00e8fon de contacte: <a href=\"tel:+34%20938%20329%20888\">(+34) 938 329 888<\/a><\/li><li>E-mail de contacte: <a href=\"mailto:hola@alere.earth\">hola@alere.earth<\/a><\/li><\/ul>\t\t\t\t\t\t\t\t<\/div>\n\t\t\t\t<div class=\"elementor-element elementor-element-c41c83c elementor-widget elementor-widget-heading\" data-id=\"c41c83c\" data-element_type=\"widget\" data-widget_type=\"heading.default\">\n\t\t\t\t\t<h4 class=\"elementor-heading-title elementor-size-default\">Finalitat del tractament<\/h4>\t\t\t\t<\/div>\n\t\t\t\t<div class=\"elementor-element elementor-element-0f38cfc elementor-widget elementor-widget-text-editor\" data-id=\"0f38cfc\" data-element_type=\"widget\" data-widget_type=\"text-editor.default\">\n\t\t\t\t\t\t\t\t\t<p>Tractem les dades que ens faciliteu amb les seg\u00fcents finalitats:<\/p><ul><li>Elaborar adequadament la proposta de serveis sol\u00b7licitada.<\/li><li>Gestionar la contractaci\u00f3 dels serveis sol\u00b7licitats.<\/li><li>Mantenir el contacte per recollir informaci\u00f3 o proporcionar informaci\u00f3 sobre els serveis contractats i\/o modificacions en aquest.<\/li><li>En relaci\u00f3 a les sol\u00b7licituds de contacte, les dades seran objecte de tractament amb la finalitat de proporcionar una gesti\u00f3 i atenci\u00f3 adequada de la sol\u00b7licitud d&#8217;acord amb la naturalesa de la mateixa.<\/li><\/ul>\t\t\t\t\t\t\t\t<\/div>\n\t\t\t\t<div class=\"elementor-element elementor-element-8ef4795 elementor-widget elementor-widget-heading\" data-id=\"8ef4795\" data-element_type=\"widget\" data-widget_type=\"heading.default\">\n\t\t\t\t\t<h4 class=\"elementor-heading-title elementor-size-default\">Legitimaci\u00f3<\/h4>\t\t\t\t<\/div>\n\t\t\t\t<div class=\"elementor-element elementor-element-c2883de elementor-widget elementor-widget-text-editor\" data-id=\"c2883de\" data-element_type=\"widget\" data-widget_type=\"text-editor.default\">\n\t\t\t\t\t\t\t\t\t<p>La base legal per al tractament de les teves dades \u00e9s el teu consentiment, que pots retirar en qualsevol moment, sense que aix\u00f2 afecti la licitud del tractament previ. Si desitja obtenir m\u00e9s informaci\u00f3 al respecte pot sol\u00b7licitar-la a <a href=\"mailto:hola@alere.earth\">hola@alere.earth<\/a> <\/p>\t\t\t\t\t\t\t\t<\/div>\n\t\t\t\t<div class=\"elementor-element elementor-element-9927ebd elementor-widget elementor-widget-heading\" data-id=\"9927ebd\" data-element_type=\"widget\" data-widget_type=\"heading.default\">\n\t\t\t\t\t<h4 class=\"elementor-heading-title elementor-size-default\">Conservaci\u00f3 de les dades<\/h4>\t\t\t\t<\/div>\n\t\t\t\t<div class=\"elementor-element elementor-element-eda2f0b elementor-widget elementor-widget-text-editor\" data-id=\"eda2f0b\" data-element_type=\"widget\" data-widget_type=\"text-editor.default\">\n\t\t\t\t\t\t\t\t\t<p>Les dades es conservaran mentre es mantingui la relaci\u00f3 o fins que sol\u00b7licitis la seva supressi\u00f3.<\/p>\t\t\t\t\t\t\t\t<\/div>\n\t\t\t\t<div class=\"elementor-element elementor-element-6cdffc9 elementor-widget elementor-widget-heading\" data-id=\"6cdffc9\" data-element_type=\"widget\" data-widget_type=\"heading.default\">\n\t\t\t\t\t<h4 class=\"elementor-heading-title elementor-size-default\">Destinataris<\/h4>\t\t\t\t<\/div>\n\t\t\t\t<div class=\"elementor-element elementor-element-f179cbd elementor-widget elementor-widget-text-editor\" data-id=\"f179cbd\" data-element_type=\"widget\" data-widget_type=\"text-editor.default\">\n\t\t\t\t\t\t\t\t\t<p>Les dades no es transferiran a tercers llevat d&#8217;obligaci\u00f3 legal o a prove\u00efdors que tinguin un contracte de tractament de dades actiu (hosting, correu, CRM, etc.).<\/p>\t\t\t\t\t\t\t\t<\/div>\n\t\t\t\t<div class=\"elementor-element elementor-element-3eaa05d elementor-widget elementor-widget-heading\" data-id=\"3eaa05d\" data-element_type=\"widget\" data-widget_type=\"heading.default\">\n\t\t\t\t\t<h4 class=\"elementor-heading-title elementor-size-default\">Drets<br><\/h4>\t\t\t\t<\/div>\n\t\t\t\t<div class=\"elementor-element elementor-element-e230ed7 elementor-widget elementor-widget-text-editor\" data-id=\"e230ed7\" data-element_type=\"widget\" data-widget_type=\"text-editor.default\">\n\t\t\t\t\t\t\t\t\t<p>Pots exercir els teus drets d&#8217;acc\u00e9s, rectificaci\u00f3, supressi\u00f3, oposici\u00f3, limitaci\u00f3 del tractament i portabilitat enviant un correu electr\u00f2nic a <a href=\"mailto:hola@alere.earth\">hola@alere.earth<\/a> amb l&#8217;assumpte &#8216;Protecci\u00f3 de Dades&#8217;. Tamb\u00e9 pots reclamar davant l&#8217;Ag\u00e8ncia Espanyola de Protecci\u00f3 de Dades <a href=\"https:\/\/www.aepd.es\/\" target=\"_blank\" rel=\"noopener\">www.aepd.es<\/a>. <\/p>\t\t\t\t\t\t\t\t<\/div>\n\t\t\t\t<\/div>\n\t\t\t\t\t<\/div>\n\t\t\t\t<\/div>\n\t\t\t\t<\/div>\n\t\t\t\t<\/div>\n\t\t","protected":false},"excerpt":{"rendered":"<p>Pol\u00edtica de Privacitat Introducci\u00f3 En compliment del Reglament (UE) 2016\/679 del Parlament Europeu i del Consell (RGPD), i de la Llei Org\u00e0nica 3\/2018 de Protecci\u00f3 de Dades i Garantia dels Drets Digitals (LOPDGDD), t&#8217;informem sobre el tractament de les teves dades personals. Responsable del tractament Denominaci\u00f3 social: ALERE CIRCULAR, S.L. Domicili social: C\/ Raset 29 [&hellip;]<\/p>\n","protected":false},"author":1,"featured_media":0,"parent":0,"menu_order":0,"comment_status":"closed","ping_status":"closed","template":"","meta":{"footnotes":""},"class_list":["post-2101","page","type-page","status-publish","hentry"],"yoast_head":"<!-- This site is optimized with the Yoast SEO plugin v26.8 - https:\/\/yoast.com\/product\/yoast-seo-wordpress\/ -->\n<title>Pol\u00edtica de Privacitat - Alere Circular<\/title>\n<meta name=\"robots\" content=\"index, follow, max-snippet:-1, max-image-preview:large, max-video-preview:-1\" \/>\n<link rel=\"canonical\" href=\"https:\/\/alere.earth\/privacidad\/\" \/>\n<meta property=\"og:locale\" content=\"ca_ES\" \/>\n<meta property=\"og:type\" content=\"article\" \/>\n<meta property=\"og:title\" content=\"Pol\u00edtica de Privacitat - Alere Circular\" \/>\n<meta property=\"og:description\" content=\"Pol\u00edtica de Privacitat Introducci\u00f3 En compliment del Reglament (UE) 2016\/679 del Parlament Europeu i del Consell (RGPD), i de la Llei Org\u00e0nica 3\/2018 de Protecci\u00f3 de Dades i Garantia dels Drets Digitals (LOPDGDD), t&#8217;informem sobre el tractament de les teves dades personals. Responsable del tractament Denominaci\u00f3 social: ALERE CIRCULAR, S.L. Domicili social: C\/ Raset 29 [&hellip;]\" \/>\n<meta property=\"og:url\" content=\"https:\/\/alere.earth\/privacidad\/\" \/>\n<meta property=\"og:site_name\" content=\"Alere Circular\" \/>\n<meta property=\"article:modified_time\" content=\"2025-12-01T08:40:11+00:00\" \/>\n<meta property=\"og:image\" content=\"https:\/\/alere.earth\/wp-content\/uploads\/2025\/11\/alere_verde_oscuro.png\" \/>\n\t<meta property=\"og:image:width\" content=\"669\" \/>\n\t<meta property=\"og:image:height\" content=\"669\" \/>\n\t<meta property=\"og:image:type\" content=\"image\/png\" \/>\n<meta name=\"twitter:card\" content=\"summary_large_image\" \/>\n<meta name=\"twitter:label1\" content=\"Temps estimat de lectura\" \/>\n\t<meta name=\"twitter:data1\" content=\"1 minut\" \/>\n<script type=\"application\/ld+json\" class=\"yoast-schema-graph\">{\"@context\":\"https:\/\/schema.org\",\"@graph\":[{\"@type\":\"WebPage\",\"@id\":\"https:\/\/alere.earth\/privacidad\/\",\"url\":\"https:\/\/alere.earth\/privacidad\/\",\"name\":\"Pol\u00edtica de Privacitat - Alere Circular\",\"isPartOf\":{\"@id\":\"https:\/\/alere.earth\/#website\"},\"primaryImageOfPage\":{\"@id\":\"https:\/\/alere.earth\/privacidad\/#primaryimage\"},\"image\":{\"@id\":\"https:\/\/alere.earth\/privacidad\/#primaryimage\"},\"thumbnailUrl\":\"https:\/\/alere.earth\/wp-content\/uploads\/2025\/11\/alere_verde_oscuro.png\",\"datePublished\":\"2025-11-25T09:18:47+00:00\",\"dateModified\":\"2025-12-01T08:40:11+00:00\",\"breadcrumb\":{\"@id\":\"https:\/\/alere.earth\/privacidad\/#breadcrumb\"},\"inLanguage\":\"ca\",\"potentialAction\":[{\"@type\":\"ReadAction\",\"target\":[\"https:\/\/alere.earth\/privacidad\/\"]}]},{\"@type\":\"ImageObject\",\"inLanguage\":\"ca\",\"@id\":\"https:\/\/alere.earth\/privacidad\/#primaryimage\",\"url\":\"https:\/\/alere.earth\/wp-content\/uploads\/2025\/11\/alere_verde_oscuro.png\",\"contentUrl\":\"https:\/\/alere.earth\/wp-content\/uploads\/2025\/11\/alere_verde_oscuro.png\"},{\"@type\":\"BreadcrumbList\",\"@id\":\"https:\/\/alere.earth\/privacidad\/#breadcrumb\",\"itemListElement\":[{\"@type\":\"ListItem\",\"position\":1,\"name\":\"Portada\",\"item\":\"https:\/\/alere.earth\/\"},{\"@type\":\"ListItem\",\"position\":2,\"name\":\"Pol\u00edtica de Privacitat\"}]},{\"@type\":\"WebSite\",\"@id\":\"https:\/\/alere.earth\/#website\",\"url\":\"https:\/\/alere.earth\/\",\"name\":\"Alere Circular\",\"description\":\"\",\"potentialAction\":[{\"@type\":\"SearchAction\",\"target\":{\"@type\":\"EntryPoint\",\"urlTemplate\":\"https:\/\/alere.earth\/?s={search_term_string}\"},\"query-input\":{\"@type\":\"PropertyValueSpecification\",\"valueRequired\":true,\"valueName\":\"search_term_string\"}}],\"inLanguage\":\"ca\"}]}<\/script>\n<!-- \/ Yoast SEO plugin. -->","yoast_head_json":{"title":"Pol\u00edtica de Privacitat - Alere Circular","robots":{"index":"index","follow":"follow","max-snippet":"max-snippet:-1","max-image-preview":"max-image-preview:large","max-video-preview":"max-video-preview:-1"},"canonical":"https:\/\/alere.earth\/privacidad\/","og_locale":"ca_ES","og_type":"article","og_title":"Pol\u00edtica de Privacitat - Alere Circular","og_description":"Pol\u00edtica de Privacitat Introducci\u00f3 En compliment del Reglament (UE) 2016\/679 del Parlament Europeu i del Consell (RGPD), i de la Llei Org\u00e0nica 3\/2018 de Protecci\u00f3 de Dades i Garantia dels Drets Digitals (LOPDGDD), t&#8217;informem sobre el tractament de les teves dades personals. Responsable del tractament Denominaci\u00f3 social: ALERE CIRCULAR, S.L. Domicili social: C\/ Raset 29 [&hellip;]","og_url":"https:\/\/alere.earth\/privacidad\/","og_site_name":"Alere Circular","article_modified_time":"2025-12-01T08:40:11+00:00","og_image":[{"width":669,"height":669,"url":"https:\/\/alere.earth\/wp-content\/uploads\/2025\/11\/alere_verde_oscuro.png","type":"image\/png"}],"twitter_card":"summary_large_image","twitter_misc":{"Temps estimat de lectura":"1 minut"},"schema":{"@context":"https:\/\/schema.org","@graph":[{"@type":"WebPage","@id":"https:\/\/alere.earth\/privacidad\/","url":"https:\/\/alere.earth\/privacidad\/","name":"Pol\u00edtica de Privacitat - Alere Circular","isPartOf":{"@id":"https:\/\/alere.earth\/#website"},"primaryImageOfPage":{"@id":"https:\/\/alere.earth\/privacidad\/#primaryimage"},"image":{"@id":"https:\/\/alere.earth\/privacidad\/#primaryimage"},"thumbnailUrl":"https:\/\/alere.earth\/wp-content\/uploads\/2025\/11\/alere_verde_oscuro.png","datePublished":"2025-11-25T09:18:47+00:00","dateModified":"2025-12-01T08:40:11+00:00","breadcrumb":{"@id":"https:\/\/alere.earth\/privacidad\/#breadcrumb"},"inLanguage":"ca","potentialAction":[{"@type":"ReadAction","target":["https:\/\/alere.earth\/privacidad\/"]}]},{"@type":"ImageObject","inLanguage":"ca","@id":"https:\/\/alere.earth\/privacidad\/#primaryimage","url":"https:\/\/alere.earth\/wp-content\/uploads\/2025\/11\/alere_verde_oscuro.png","contentUrl":"https:\/\/alere.earth\/wp-content\/uploads\/2025\/11\/alere_verde_oscuro.png"},{"@type":"BreadcrumbList","@id":"https:\/\/alere.earth\/privacidad\/#breadcrumb","itemListElement":[{"@type":"ListItem","position":1,"name":"Portada","item":"https:\/\/alere.earth\/"},{"@type":"ListItem","position":2,"name":"Pol\u00edtica de Privacitat"}]},{"@type":"WebSite","@id":"https:\/\/alere.earth\/#website","url":"https:\/\/alere.earth\/","name":"Alere Circular","description":"","potentialAction":[{"@type":"SearchAction","target":{"@type":"EntryPoint","urlTemplate":"https:\/\/alere.earth\/?s={search_term_string}"},"query-input":{"@type":"PropertyValueSpecification","valueRequired":true,"valueName":"search_term_string"}}],"inLanguage":"ca"}]}},"_links":{"self":[{"href":"https:\/\/alere.earth\/ca\/wp-json\/wp\/v2\/pages\/2101","targetHints":{"allow":["GET"]}}],"collection":[{"href":"https:\/\/alere.earth\/ca\/wp-json\/wp\/v2\/pages"}],"about":[{"href":"https:\/\/alere.earth\/ca\/wp-json\/wp\/v2\/types\/page"}],"author":[{"embeddable":true,"href":"https:\/\/alere.earth\/ca\/wp-json\/wp\/v2\/users\/1"}],"replies":[{"embeddable":true,"href":"https:\/\/alere.earth\/ca\/wp-json\/wp\/v2\/comments?post=2101"}],"version-history":[{"count":1,"href":"https:\/\/alere.earth\/ca\/wp-json\/wp\/v2\/pages\/2101\/revisions"}],"predecessor-version":[{"id":2102,"href":"https:\/\/alere.earth\/ca\/wp-json\/wp\/v2\/pages\/2101\/revisions\/2102"}],"wp:attachment":[{"href":"https:\/\/alere.earth\/ca\/wp-json\/wp\/v2\/media?parent=2101"}],"curies":[{"name":"wp","href":"https:\/\/api.w.org\/{rel}","templated":true}]}}